{"id":11,"date":"2020-10-06T20:24:55","date_gmt":"2020-10-07T00:24:55","guid":{"rendered":"https:\/\/fondationgracedart.com\/\/?page_id=11"},"modified":"2022-05-07T17:18:30","modified_gmt":"2022-05-07T21:18:30","slug":"news","status":"publish","type":"page","link":"https:\/\/fondationgracedart.com\/fr\/news\/","title":{"rendered":"Nouvelles"},"content":{"rendered":"<div data-elementor-type=\"wp-page\" data-elementor-id=\"11\" class=\"elementor elementor-11\" data-elementor-post-type=\"page\">\n\t\t\t\t\t\t<section class=\"elementor-section elementor-top-section elementor-element elementor-element-0083e7f elementor-section-boxed elementor-section-height-default elementor-section-height-default\" data-id=\"0083e7f\" data-element_type=\"section\" data-e-type=\"section\">\n\t\t\t\t\t\t<div class=\"elementor-container elementor-column-gap-default\">\n\t\t\t\t\t<div class=\"elementor-column elementor-col-100 elementor-top-column elementor-element elementor-element-c19e694\" data-id=\"c19e694\" data-element_type=\"column\" data-e-type=\"column\">\n\t\t\t<div class=\"elementor-widget-wrap elementor-element-populated\">\n\t\t\t\t\t\t<div class=\"elementor-element elementor-element-aa072c8 elementor-widget elementor-widget-image\" data-id=\"aa072c8\" data-element_type=\"widget\" data-e-type=\"widget\" data-widget_type=\"image.default\">\n\t\t\t\t<div class=\"elementor-widget-container\">\n\t\t\t\t\t\t\t\t\t\t\t\t\t\t\t<img fetchpriority=\"high\" decoding=\"async\" width=\"1024\" height=\"341\" src=\"https:\/\/fondationgracedart.com\/wp-content\/uploads\/2020\/10\/shutterstock_1508530010-1024x341.jpg\" class=\"attachment-large size-large wp-image-490\" alt=\"\" srcset=\"https:\/\/fondationgracedart.com\/wp-content\/uploads\/2020\/10\/shutterstock_1508530010-1024x341.jpg 1024w, https:\/\/fondationgracedart.com\/wp-content\/uploads\/2020\/10\/shutterstock_1508530010-300x100.jpg 300w, https:\/\/fondationgracedart.com\/wp-content\/uploads\/2020\/10\/shutterstock_1508530010-768x256.jpg 768w, https:\/\/fondationgracedart.com\/wp-content\/uploads\/2020\/10\/shutterstock_1508530010-16x5.jpg 16w, https:\/\/fondationgracedart.com\/wp-content\/uploads\/2020\/10\/shutterstock_1508530010-24x8.jpg 24w, https:\/\/fondationgracedart.com\/wp-content\/uploads\/2020\/10\/shutterstock_1508530010-36x12.jpg 36w, https:\/\/fondationgracedart.com\/wp-content\/uploads\/2020\/10\/shutterstock_1508530010-48x16.jpg 48w, https:\/\/fondationgracedart.com\/wp-content\/uploads\/2020\/10\/shutterstock_1508530010.jpg 1500w\" sizes=\"(max-width: 1024px) 100vw, 1024px\" \/>\t\t\t\t\t\t\t\t\t\t\t\t\t\t\t<\/div>\n\t\t\t\t<\/div>\n\t\t\t\t<div class=\"elementor-element elementor-element-d749692 elementor-widget-divider--view-line elementor-widget elementor-widget-divider\" data-id=\"d749692\" data-element_type=\"widget\" data-e-type=\"widget\" data-widget_type=\"divider.default\">\n\t\t\t\t<div class=\"elementor-widget-container\">\n\t\t\t\t\t\t\t<div class=\"elementor-divider\">\n\t\t\t<span class=\"elementor-divider-separator\">\n\t\t\t\t\t\t<\/span>\n\t\t<\/div>\n\t\t\t\t\t\t<\/div>\n\t\t\t\t<\/div>\n\t\t\t\t<section class=\"elementor-section elementor-inner-section elementor-element elementor-element-c3ba52f elementor-section-boxed elementor-section-height-default elementor-section-height-default\" data-id=\"c3ba52f\" data-element_type=\"section\" data-e-type=\"section\">\n\t\t\t\t\t\t<div class=\"elementor-container elementor-column-gap-wider\">\n\t\t\t\t\t<div class=\"elementor-column elementor-col-50 elementor-inner-column elementor-element elementor-element-dac8860\" data-id=\"dac8860\" data-element_type=\"column\" data-e-type=\"column\">\n\t\t\t<div class=\"elementor-widget-wrap elementor-element-populated\">\n\t\t\t\t\t\t<div class=\"elementor-element elementor-element-dc3727b elementor-widget elementor-widget-heading\" data-id=\"dc3727b\" data-element_type=\"widget\" data-e-type=\"widget\" data-widget_type=\"heading.default\">\n\t\t\t\t<div class=\"elementor-widget-container\">\n\t\t\t\t\t<h2 class=\"elementor-heading-title elementor-size-default\">Publications<\/h2>\t\t\t\t<\/div>\n\t\t\t\t<\/div>\n\t\t\t\t<div class=\"elementor-element elementor-element-98e4f76 elementor-grid-1 elementor-grid-tablet-2 elementor-grid-mobile-1 elementor-posts--thumbnail-top elementor-widget elementor-widget-posts\" data-id=\"98e4f76\" data-element_type=\"widget\" data-e-type=\"widget\" data-settings=\"{&quot;classic_columns&quot;:&quot;1&quot;,&quot;classic_columns_tablet&quot;:&quot;2&quot;,&quot;classic_columns_mobile&quot;:&quot;1&quot;,&quot;classic_row_gap&quot;:{&quot;unit&quot;:&quot;px&quot;,&quot;size&quot;:35,&quot;sizes&quot;:[]},&quot;classic_row_gap_tablet&quot;:{&quot;unit&quot;:&quot;px&quot;,&quot;size&quot;:&quot;&quot;,&quot;sizes&quot;:[]},&quot;classic_row_gap_mobile&quot;:{&quot;unit&quot;:&quot;px&quot;,&quot;size&quot;:&quot;&quot;,&quot;sizes&quot;:[]}}\" data-widget_type=\"posts.classic\">\n\t\t\t\t<div class=\"elementor-widget-container\">\n\t\t\t\t\t\t\t<div class=\"elementor-posts-container elementor-posts elementor-posts--skin-classic elementor-grid\" role=\"list\">\n\t\t\t\t<article class=\"elementor-post elementor-grid-item post-1399 post type-post status-publish format-standard hentry category-publications\" role=\"listitem\">\n\t\t\t\t<div class=\"elementor-post__text\">\n\t\t\t\t<h3 class=\"elementor-post__title\">\n\t\t\t<a href=\"https:\/\/fondationgracedart.com\/fr\/2025\/06\/18\/annual-report-2024-2025\/\" >\n\t\t\t\tRapport annuel 2024-2025\t\t\t<\/a>\n\t\t<\/h3>\n\t\t\t\t<div class=\"elementor-post__meta-data\">\n\t\t\t\t\t<span class=\"elementor-post-date\">\n\t\t\t18 juin 2025\t\t<\/span>\n\t\t\t\t<span class=\"elementor-post-avatar\">\n\t\t\tPas de commentaire\t\t<\/span>\n\t\t\t\t<\/div>\n\t\t\t\t<div class=\"elementor-post__excerpt\">\n\t\t\t<p>La Fondation Grace Dart est fi\u00e8re de pr\u00e9senter son rapport annuel qui a \u00e9t\u00e9 d\u00e9pos\u00e9 lors de l'assembl\u00e9e g\u00e9n\u00e9rale annuelle le 11 juin 2025.<\/p>\n\t\t<\/div>\n\t\t\n\t\t<a class=\"elementor-post__read-more\" href=\"https:\/\/fondationgracedart.com\/fr\/2025\/06\/18\/annual-report-2024-2025\/\" aria-label=\"Read more about Annual Report 2024-2025\" tabindex=\"-1\" >\n\t\t\tLire la suite \u00bb\t\t<\/a>\n\n\t\t\t\t<\/div>\n\t\t\t\t<\/article>\n\t\t\t\t<article class=\"elementor-post elementor-grid-item post-1170 post type-post status-publish format-standard hentry category-publications\" role=\"listitem\">\n\t\t\t\t<div class=\"elementor-post__text\">\n\t\t\t\t<h3 class=\"elementor-post__title\">\n\t\t\t<a href=\"https:\/\/fondationgracedart.com\/fr\/2024\/06\/18\/annual-report-2023-2024\/\" >\n\t\t\t\tRapport annuel 2023-2024\t\t\t<\/a>\n\t\t<\/h3>\n\t\t\t\t<div class=\"elementor-post__meta-data\">\n\t\t\t\t\t<span class=\"elementor-post-date\">\n\t\t\t18 juin 2024\t\t<\/span>\n\t\t\t\t<span class=\"elementor-post-avatar\">\n\t\t\tPas de commentaire\t\t<\/span>\n\t\t\t\t<\/div>\n\t\t\t\t<div class=\"elementor-post__excerpt\">\n\t\t\t<p>La Fondation Grace Dart est fi\u00e8re de pr\u00e9senter son rapport annuel qui a \u00e9t\u00e9 d\u00e9pos\u00e9 lors de l'assembl\u00e9e g\u00e9n\u00e9rale annuelle le 12 juin 2024.<\/p>\n\t\t<\/div>\n\t\t\n\t\t<a class=\"elementor-post__read-more\" href=\"https:\/\/fondationgracedart.com\/fr\/2024\/06\/18\/annual-report-2023-2024\/\" aria-label=\"Read more about Annual Report 2023-2024\" tabindex=\"-1\" >\n\t\t\tLire la suite \u00bb\t\t<\/a>\n\n\t\t\t\t<\/div>\n\t\t\t\t<\/article>\n\t\t\t\t<article class=\"elementor-post elementor-grid-item post-974 post type-post status-publish format-standard hentry category-publications\" role=\"listitem\">\n\t\t\t\t<div class=\"elementor-post__text\">\n\t\t\t\t<h3 class=\"elementor-post__title\">\n\t\t\t<a href=\"https:\/\/fondationgracedart.com\/fr\/2023\/06\/16\/annual-report-2022-2023\/\" >\n\t\t\t\tRapport annuel 2022-2023\t\t\t<\/a>\n\t\t<\/h3>\n\t\t\t\t<div class=\"elementor-post__meta-data\">\n\t\t\t\t\t<span class=\"elementor-post-date\">\n\t\t\t16 juin 2023\t\t<\/span>\n\t\t\t\t<span class=\"elementor-post-avatar\">\n\t\t\tPas de commentaire\t\t<\/span>\n\t\t\t\t<\/div>\n\t\t\t\t<div class=\"elementor-post__excerpt\">\n\t\t\t<p>La Fondation Grace Dart est fi\u00e8re de pr\u00e9senter son rapport annuel qui a \u00e9t\u00e9 d\u00e9pos\u00e9 lors de l'assembl\u00e9e g\u00e9n\u00e9rale annuelle du 14 juin 2023.<\/p>\n\t\t<\/div>\n\t\t\n\t\t<a class=\"elementor-post__read-more\" href=\"https:\/\/fondationgracedart.com\/fr\/2023\/06\/16\/annual-report-2022-2023\/\" aria-label=\"Read more about Annual Report 2022-2023\" tabindex=\"-1\" >\n\t\t\tLire la suite \u00bb\t\t<\/a>\n\n\t\t\t\t<\/div>\n\t\t\t\t<\/article>\n\t\t\t\t<article class=\"elementor-post elementor-grid-item post-869 post type-post status-publish format-standard hentry category-publications\" role=\"listitem\">\n\t\t\t\t<div class=\"elementor-post__text\">\n\t\t\t\t<h3 class=\"elementor-post__title\">\n\t\t\t<a href=\"https:\/\/fondationgracedart.com\/fr\/2022\/08\/01\/annual-report-2021-2022\/\" >\n\t\t\t\tRapport annuel 2021-2022\t\t\t<\/a>\n\t\t<\/h3>\n\t\t\t\t<div class=\"elementor-post__meta-data\">\n\t\t\t\t\t<span class=\"elementor-post-date\">\n\t\t\t1 ao\u00fbt 2022\t\t<\/span>\n\t\t\t\t<span class=\"elementor-post-avatar\">\n\t\t\tPas de commentaire\t\t<\/span>\n\t\t\t\t<\/div>\n\t\t\t\t<div class=\"elementor-post__excerpt\">\n\t\t\t<p>La Fondation Grace Dart est fi\u00e8re de fournir son rapport annuel qui a \u00e9t\u00e9 pr\u00e9sent\u00e9 lors de l'assembl\u00e9e g\u00e9n\u00e9rale annuelle du 15 juin 2022. Cliquez sur ...<\/p>\n\t\t<\/div>\n\t\t\n\t\t<a class=\"elementor-post__read-more\" href=\"https:\/\/fondationgracedart.com\/fr\/2022\/08\/01\/annual-report-2021-2022\/\" aria-label=\"Read more about Annual Report 2021-2022\" tabindex=\"-1\" >\n\t\t\tLire la suite \u00bb\t\t<\/a>\n\n\t\t\t\t<\/div>\n\t\t\t\t<\/article>\n\t\t\t\t<article class=\"elementor-post elementor-grid-item post-760 post type-post status-publish format-standard hentry category-publications\" role=\"listitem\">\n\t\t\t\t<div class=\"elementor-post__text\">\n\t\t\t\t<h3 class=\"elementor-post__title\">\n\t\t\t<a href=\"https:\/\/fondationgracedart.com\/fr\/2021\/06\/21\/annual-report-2020-2021\/\" >\n\t\t\t\tRapport annuel 2020-2021\t\t\t<\/a>\n\t\t<\/h3>\n\t\t\t\t<div class=\"elementor-post__meta-data\">\n\t\t\t\t\t<span class=\"elementor-post-date\">\n\t\t\t21 juin 2021\t\t<\/span>\n\t\t\t\t<span class=\"elementor-post-avatar\">\n\t\t\tPas de commentaire\t\t<\/span>\n\t\t\t\t<\/div>\n\t\t\t\t<div class=\"elementor-post__excerpt\">\n\t\t\t<p>La Fondation Grace Dart est fi\u00e8re de pr\u00e9senter son rapport annuel qui a \u00e9t\u00e9 d\u00e9pos\u00e9 lors de l'assembl\u00e9e g\u00e9n\u00e9rale annuelle le 16 juin 2021.<\/p>\n\t\t<\/div>\n\t\t\n\t\t<a class=\"elementor-post__read-more\" href=\"https:\/\/fondationgracedart.com\/fr\/2021\/06\/21\/annual-report-2020-2021\/\" aria-label=\"Read more about Annual Report 2020-2021\" tabindex=\"-1\" >\n\t\t\tLire la suite \u00bb\t\t<\/a>\n\n\t\t\t\t<\/div>\n\t\t\t\t<\/article>\n\t\t\t\t<article class=\"elementor-post elementor-grid-item post-220 post type-post status-publish format-standard hentry category-publications\" role=\"listitem\">\n\t\t\t\t<div class=\"elementor-post__text\">\n\t\t\t\t<h3 class=\"elementor-post__title\">\n\t\t\t<a href=\"https:\/\/fondationgracedart.com\/fr\/2020\/10\/22\/test-2\/\" >\n\t\t\t\tRapport annuel 2019-2020\t\t\t<\/a>\n\t\t<\/h3>\n\t\t\t\t<div class=\"elementor-post__meta-data\">\n\t\t\t\t\t<span class=\"elementor-post-date\">\n\t\t\t22 octobre 2020\t\t<\/span>\n\t\t\t\t<span class=\"elementor-post-avatar\">\n\t\t\tPas de commentaire\t\t<\/span>\n\t\t\t\t<\/div>\n\t\t\t\t<div class=\"elementor-post__excerpt\">\n\t\t\t<p>Rapport annuel 2019-2020 <\/p>\n\t\t<\/div>\n\t\t\n\t\t<a class=\"elementor-post__read-more\" href=\"https:\/\/fondationgracedart.com\/fr\/2020\/10\/22\/test-2\/\" aria-label=\"Read more about Annual Report 2019-2020\" tabindex=\"-1\" >\n\t\t\tLire la suite \u00bb\t\t<\/a>\n\n\t\t\t\t<\/div>\n\t\t\t\t<\/article>\n\t\t\t\t<\/div>\n\t\t\n\t\t\t\t\t\t<\/div>\n\t\t\t\t<\/div>\n\t\t\t\t\t<\/div>\n\t\t<\/div>\n\t\t\t\t<div class=\"elementor-column elementor-col-50 elementor-inner-column elementor-element elementor-element-72699e0\" data-id=\"72699e0\" data-element_type=\"column\" data-e-type=\"column\">\n\t\t\t<div class=\"elementor-widget-wrap elementor-element-populated\">\n\t\t\t\t\t\t<div class=\"elementor-element elementor-element-d252f90 elementor-widget elementor-widget-heading\" data-id=\"d252f90\" data-element_type=\"widget\" data-e-type=\"widget\" data-widget_type=\"heading.default\">\n\t\t\t\t<div class=\"elementor-widget-container\">\n\t\t\t\t\t<h2 class=\"elementor-heading-title elementor-size-default\">Nouvelles<\/h2>\t\t\t\t<\/div>\n\t\t\t\t<\/div>\n\t\t\t\t<div class=\"elementor-element elementor-element-74f2c35 elementor-grid-1 elementor-posts--thumbnail-left elementor-grid-tablet-2 elementor-grid-mobile-1 elementor-widget elementor-widget-posts\" data-id=\"74f2c35\" data-element_type=\"widget\" data-e-type=\"widget\" data-settings=\"{&quot;classic_columns&quot;:&quot;1&quot;,&quot;classic_columns_tablet&quot;:&quot;2&quot;,&quot;classic_columns_mobile&quot;:&quot;1&quot;,&quot;classic_row_gap&quot;:{&quot;unit&quot;:&quot;px&quot;,&quot;size&quot;:35,&quot;sizes&quot;:[]},&quot;classic_row_gap_tablet&quot;:{&quot;unit&quot;:&quot;px&quot;,&quot;size&quot;:&quot;&quot;,&quot;sizes&quot;:[]},&quot;classic_row_gap_mobile&quot;:{&quot;unit&quot;:&quot;px&quot;,&quot;size&quot;:&quot;&quot;,&quot;sizes&quot;:[]}}\" data-widget_type=\"posts.classic\">\n\t\t\t\t<div class=\"elementor-widget-container\">\n\t\t\t\t\t\t\t<div class=\"elementor-posts-container elementor-posts elementor-posts--skin-classic elementor-grid\" role=\"list\">\n\t\t\t\t<article class=\"elementor-post elementor-grid-item post-1414 post type-post status-publish format-standard hentry category-news\" role=\"listitem\">\n\t\t\t\t<div class=\"elementor-post__text\">\n\t\t\t\t<h3 class=\"elementor-post__title\">\n\t\t\t<a href=\"https:\/\/fondationgracedart.com\/fr\/2025\/09\/18\/the-grace-dart-foundation-donates-100000-to-westmounts-contactivity-centre-to-open-a-new-day-program-for-older-adults\/\" >\n\t\t\t\tLa Fondation Grace Dart fait un don de 100 000 $ au Centre Contactivity de Westmount pour ouvrir un nouveau programme de jour pour les a\u00een\u00e9s\t\t\t<\/a>\n\t\t<\/h3>\n\t\t\t\t<div class=\"elementor-post__meta-data\">\n\t\t\t\t\t<span class=\"elementor-post-date\">\n\t\t\t18 septembre 2025\t\t<\/span>\n\t\t\t\t<span class=\"elementor-post-avatar\">\n\t\t\tPas de commentaire\t\t<\/span>\n\t\t\t\t<\/div>\n\t\t\t\t<div class=\"elementor-post__excerpt\">\n\t\t\t<p>Communiqu\u00e9 de presse \u2013 Pour diffusion imm\u00e9diate\n\nLa Fondation Grace Dart fait un don de 100 000 $ au Centre Contactivity de Westmount pour ouvrir un nouveau programme de jour pour les a\u00een\u00e9s<\/p>\n\t\t<\/div>\n\t\t\n\t\t<a class=\"elementor-post__read-more\" href=\"https:\/\/fondationgracedart.com\/fr\/2025\/09\/18\/the-grace-dart-foundation-donates-100000-to-westmounts-contactivity-centre-to-open-a-new-day-program-for-older-adults\/\" aria-label=\"Read more about The Grace Dart Foundation Donates $100,000 To Westmount\u2019s Contactivity Centre To Open A New Day Program for Older Adults.\" tabindex=\"-1\" >\n\t\t\tLire la suite \u00bb\t\t<\/a>\n\n\t\t\t\t<\/div>\n\t\t\t\t<\/article>\n\t\t\t\t<article class=\"elementor-post elementor-grid-item post-1053 post type-post status-publish format-standard hentry category-news\" role=\"listitem\">\n\t\t\t\t<div class=\"elementor-post__text\">\n\t\t\t\t<h3 class=\"elementor-post__title\">\n\t\t\t<a href=\"https:\/\/fondationgracedart.com\/fr\/2023\/11\/20\/the-grace-dart-foundation-launches-its-2023-annual-giving-campaign\/\" >\n\t\t\t\tLa Fondation Grace Dart lance sa campagne annuelle de dons pour 2023\t\t\t<\/a>\n\t\t<\/h3>\n\t\t\t\t<div class=\"elementor-post__meta-data\">\n\t\t\t\t\t<span class=\"elementor-post-date\">\n\t\t\t20 novembre 2023\t\t<\/span>\n\t\t\t\t<span class=\"elementor-post-avatar\">\n\t\t\tPas de commentaire\t\t<\/span>\n\t\t\t\t<\/div>\n\t\t\t\t<div class=\"elementor-post__excerpt\">\n\t\t\t<p>La Fondation Grace Dart est fi\u00e8re d'annoncer qu'elle a lanc\u00e9 sa campagne annuelle de dons pour 2023 afin de solliciter des fonds pour les a\u00een\u00e9s de la r\u00e9gion...<\/p>\n\t\t<\/div>\n\t\t\n\t\t<a class=\"elementor-post__read-more\" href=\"https:\/\/fondationgracedart.com\/fr\/2023\/11\/20\/the-grace-dart-foundation-launches-its-2023-annual-giving-campaign\/\" aria-label=\"Read more about The Grace Dart Foundation Launches its 2023 Annual Giving Campaign\" tabindex=\"-1\" >\n\t\t\tLire la suite \u00bb\t\t<\/a>\n\n\t\t\t\t<\/div>\n\t\t\t\t<\/article>\n\t\t\t\t<article class=\"elementor-post elementor-grid-item post-1036 post type-post status-publish format-standard hentry category-news\" role=\"listitem\">\n\t\t\t\t<div class=\"elementor-post__text\">\n\t\t\t\t<h3 class=\"elementor-post__title\">\n\t\t\t<a href=\"https:\/\/fondationgracedart.com\/fr\/2023\/11\/01\/appointment\/\" >\n\t\t\t\tNomination\t\t\t<\/a>\n\t\t<\/h3>\n\t\t\t\t<div class=\"elementor-post__meta-data\">\n\t\t\t\t\t<span class=\"elementor-post-date\">\n\t\t\t1 novembre 2023\t\t<\/span>\n\t\t\t\t<span class=\"elementor-post-avatar\">\n\t\t\tPas de commentaire\t\t<\/span>\n\t\t\t\t<\/div>\n\t\t\t\t<div class=\"elementor-post__excerpt\">\n\t\t\t<p>Le conseil d'administration de la Fondation Grace Dart a le plaisir d'annoncer la nomination de Jennifer Bradley au poste de directrice de la Fondation...<\/p>\n\t\t<\/div>\n\t\t\n\t\t<a class=\"elementor-post__read-more\" href=\"https:\/\/fondationgracedart.com\/fr\/2023\/11\/01\/appointment\/\" aria-label=\"Read more about Appointment\" tabindex=\"-1\" >\n\t\t\tLire la suite \u00bb\t\t<\/a>\n\n\t\t\t\t<\/div>\n\t\t\t\t<\/article>\n\t\t\t\t<article class=\"elementor-post elementor-grid-item post-1017 post type-post status-publish format-standard hentry category-news\" role=\"listitem\">\n\t\t\t\t<div class=\"elementor-post__text\">\n\t\t\t\t<h3 class=\"elementor-post__title\">\n\t\t\t<a href=\"https:\/\/fondationgracedart.com\/fr\/2023\/07\/10\/were-hiring\/\" >\n\t\t\t\tNous recrutons !\t\t\t<\/a>\n\t\t<\/h3>\n\t\t\t\t<div class=\"elementor-post__meta-data\">\n\t\t\t\t\t<span class=\"elementor-post-date\">\n\t\t\t10 juillet 2023\t\t<\/span>\n\t\t\t\t<span class=\"elementor-post-avatar\">\n\t\t\tPas de commentaire\t\t<\/span>\n\t\t\t\t<\/div>\n\t\t\t\t<div class=\"elementor-post__excerpt\">\n\t\t\t<p>Coordonnatrice de la Fondation - La Fondation Grace Dart est un organisme sans but lucratif. Sa mission est d'apporter de l'Amour &amp; Bont\u00e9 pour la population a\u00een\u00e9e du Grand Montr\u00e9al.<\/p>\n\t\t<\/div>\n\t\t\n\t\t<a class=\"elementor-post__read-more\" href=\"https:\/\/fondationgracedart.com\/fr\/2023\/07\/10\/were-hiring\/\" aria-label=\"Read more about We&#8217;re Hiring!\" tabindex=\"-1\" >\n\t\t\tLire la suite \u00bb\t\t<\/a>\n\n\t\t\t\t<\/div>\n\t\t\t\t<\/article>\n\t\t\t\t<article class=\"elementor-post elementor-grid-item post-945 post type-post status-publish format-standard hentry category-news\" role=\"listitem\">\n\t\t\t\t<div class=\"elementor-post__text\">\n\t\t\t\t<h3 class=\"elementor-post__title\">\n\t\t\t<a href=\"https:\/\/fondationgracedart.com\/fr\/2022\/11\/09\/the-grace-dart-foundation-launches-its-2022-annual-giving-campaign\/\" >\n\t\t\t\tLa Fondation Grace Dart lance sa campagne de dons annuelle 2022\t\t\t<\/a>\n\t\t<\/h3>\n\t\t\t\t<div class=\"elementor-post__meta-data\">\n\t\t\t\t\t<span class=\"elementor-post-date\">\n\t\t\t9 novembre 2022\t\t<\/span>\n\t\t\t\t<span class=\"elementor-post-avatar\">\n\t\t\tPas de commentaire\t\t<\/span>\n\t\t\t\t<\/div>\n\t\t\t\t<div class=\"elementor-post__excerpt\">\n\t\t\t<p>La Fondation Grace Dart est fi\u00e8re d'annoncer qu'elle a lanc\u00e9 sa campagne de dons annuelle 2022 afin de recueillir des fonds ...<\/p>\n\t\t<\/div>\n\t\t\n\t\t<a class=\"elementor-post__read-more\" href=\"https:\/\/fondationgracedart.com\/fr\/2022\/11\/09\/the-grace-dart-foundation-launches-its-2022-annual-giving-campaign\/\" aria-label=\"Read more about The Grace Dart Foundation Launches its 2022 Annual Giving Campaign\" tabindex=\"-1\" >\n\t\t\tLire la suite \u00bb\t\t<\/a>\n\n\t\t\t\t<\/div>\n\t\t\t\t<\/article>\n\t\t\t\t<article class=\"elementor-post elementor-grid-item post-911 post type-post status-publish format-standard hentry category-news\" role=\"listitem\">\n\t\t\t\t<div class=\"elementor-post__text\">\n\t\t\t\t<h3 class=\"elementor-post__title\">\n\t\t\t<a href=\"https:\/\/fondationgracedart.com\/fr\/2022\/09\/21\/march-for-the-elderly-on-october-1st\/\" >\n\t\t\t\tMarche des a\u00een\u00e9s le 1er octobre\t\t\t<\/a>\n\t\t<\/h3>\n\t\t\t\t<div class=\"elementor-post__meta-data\">\n\t\t\t\t\t<span class=\"elementor-post-date\">\n\t\t\t21 septembre 2022\t\t<\/span>\n\t\t\t\t<span class=\"elementor-post-avatar\">\n\t\t\tPas de commentaire\t\t<\/span>\n\t\t\t\t<\/div>\n\t\t\t\t<div class=\"elementor-post__excerpt\">\n\t\t\t<p>\u00c0 la Fondation Grace Dart, nous sommes heureux de supporter les organismes tels que Mouvement HABITATS et leur grande marche \u00e0 l\u2019occasion de la ...<\/p>\n\t\t<\/div>\n\t\t\n\t\t<a class=\"elementor-post__read-more\" href=\"https:\/\/fondationgracedart.com\/fr\/2022\/09\/21\/march-for-the-elderly-on-october-1st\/\" aria-label=\"Read more about March for the Elderly on October 1st\" tabindex=\"-1\" >\n\t\t\tLire la suite \u00bb\t\t<\/a>\n\n\t\t\t\t<\/div>\n\t\t\t\t<\/article>\n\t\t\t\t<\/div>\n\t\t\n\t\t\t\t\t\t<\/div>\n\t\t\t\t<\/div>\n\t\t\t\t<div class=\"elementor-element elementor-element-d907a12 elementor-widget elementor-widget-image\" data-id=\"d907a12\" data-element_type=\"widget\" data-e-type=\"widget\" data-widget_type=\"image.default\">\n\t\t\t\t<div class=\"elementor-widget-container\">\n\t\t\t\t\t\t\t\t\t\t\t\t\t\t\t\t<a href=\"https:\/\/giving.mcgill.ca\/all-stories\/grace-dart-foundation-gifts-boost-care-montreals-elderly?lang=en\">\n\t\t\t\t\t\t\t<img decoding=\"async\" width=\"1024\" height=\"382\" src=\"https:\/\/fondationgracedart.com\/wp-content\/uploads\/2021\/06\/Screen-Shot-2021-06-07-at-2.41.42-PM-1024x382.png\" class=\"attachment-large size-large wp-image-752\" alt=\"\" srcset=\"https:\/\/fondationgracedart.com\/wp-content\/uploads\/2021\/06\/Screen-Shot-2021-06-07-at-2.41.42-PM-1024x382.png 1024w, https:\/\/fondationgracedart.com\/wp-content\/uploads\/2021\/06\/Screen-Shot-2021-06-07-at-2.41.42-PM-300x112.png 300w, https:\/\/fondationgracedart.com\/wp-content\/uploads\/2021\/06\/Screen-Shot-2021-06-07-at-2.41.42-PM-768x287.png 768w, https:\/\/fondationgracedart.com\/wp-content\/uploads\/2021\/06\/Screen-Shot-2021-06-07-at-2.41.42-PM-16x6.png 16w, https:\/\/fondationgracedart.com\/wp-content\/uploads\/2021\/06\/Screen-Shot-2021-06-07-at-2.41.42-PM-24x9.png 24w, https:\/\/fondationgracedart.com\/wp-content\/uploads\/2021\/06\/Screen-Shot-2021-06-07-at-2.41.42-PM-36x13.png 36w, https:\/\/fondationgracedart.com\/wp-content\/uploads\/2021\/06\/Screen-Shot-2021-06-07-at-2.41.42-PM-48x18.png 48w, https:\/\/fondationgracedart.com\/wp-content\/uploads\/2021\/06\/Screen-Shot-2021-06-07-at-2.41.42-PM.png 1281w\" sizes=\"(max-width: 1024px) 100vw, 1024px\" \/>\t\t\t\t\t\t\t\t<\/a>\n\t\t\t\t\t\t\t\t\t\t\t\t\t\t\t<\/div>\n\t\t\t\t<\/div>\n\t\t\t\t\t<\/div>\n\t\t<\/div>\n\t\t\t\t\t<\/div>\n\t\t<\/section>\n\t\t\t\t\t<\/div>\n\t\t<\/div>\n\t\t\t\t\t<\/div>\n\t\t<\/section>\n\t\t\t\t<\/div>","protected":false},"excerpt":{"rendered":"<p>Publications News<\/p>","protected":false},"author":1,"featured_media":0,"parent":0,"menu_order":0,"comment_status":"closed","ping_status":"closed","template":"page-templates\/template-pagebuilder-full-width.php","meta":{"neve_meta_sidebar":"","neve_meta_container":"","neve_meta_enable_content_width":"on","neve_meta_content_width":100,"neve_meta_title_alignment":"","neve_meta_author_avatar":"","neve_post_elements_order":"","neve_meta_disable_header":"","neve_meta_disable_footer":"","neve_meta_disable_title":"","footnotes":""},"class_list":["post-11","page","type-page","status-publish","hentry"],"jetpack_sharing_enabled":true,"_links":{"self":[{"href":"https:\/\/fondationgracedart.com\/fr\/wp-json\/wp\/v2\/pages\/11","targetHints":{"allow":["GET"]}}],"collection":[{"href":"https:\/\/fondationgracedart.com\/fr\/wp-json\/wp\/v2\/pages"}],"about":[{"href":"https:\/\/fondationgracedart.com\/fr\/wp-json\/wp\/v2\/types\/page"}],"author":[{"embeddable":true,"href":"https:\/\/fondationgracedart.com\/fr\/wp-json\/wp\/v2\/users\/1"}],"replies":[{"embeddable":true,"href":"https:\/\/fondationgracedart.com\/fr\/wp-json\/wp\/v2\/comments?post=11"}],"version-history":[{"count":5,"href":"https:\/\/fondationgracedart.com\/fr\/wp-json\/wp\/v2\/pages\/11\/revisions"}],"predecessor-version":[{"id":855,"href":"https:\/\/fondationgracedart.com\/fr\/wp-json\/wp\/v2\/pages\/11\/revisions\/855"}],"wp:attachment":[{"href":"https:\/\/fondationgracedart.com\/fr\/wp-json\/wp\/v2\/media?parent=11"}],"curies":[{"name":"wp","href":"https:\/\/api.w.org\/{rel}","templated":true}]}}