{"id":3,"date":"2020-10-06T14:10:51","date_gmt":"2020-10-06T18:10:51","guid":{"rendered":"https:\/\/fondationgracedart.com\/\/?page_id=3"},"modified":"2025-09-30T16:46:46","modified_gmt":"2025-09-30T20:46:46","slug":"privacy-policy","status":"publish","type":"page","link":"https:\/\/fondationgracedart.com\/fr\/privacy-policy\/","title":{"rendered":"Politique de confidentialit\u00e9"},"content":{"rendered":"<div data-elementor-type=\"wp-page\" data-elementor-id=\"3\" class=\"elementor elementor-3\" data-elementor-post-type=\"page\">\n\t\t\t\t\t\t<section class=\"elementor-section elementor-top-section elementor-element elementor-element-3fabcba4 elementor-section-boxed elementor-section-height-default elementor-section-height-default\" data-id=\"3fabcba4\" data-element_type=\"section\" data-e-type=\"section\">\n\t\t\t\t\t\t<div class=\"elementor-container elementor-column-gap-default\">\n\t\t\t\t\t<div class=\"elementor-column elementor-col-100 elementor-top-column elementor-element elementor-element-454d28fa\" data-id=\"454d28fa\" data-element_type=\"column\" data-e-type=\"column\">\n\t\t\t<div class=\"elementor-widget-wrap elementor-element-populated\">\n\t\t\t\t\t\t<div class=\"elementor-element elementor-element-4b6f248b elementor-widget elementor-widget-text-editor\" data-id=\"4b6f248b\" data-element_type=\"widget\" data-e-type=\"widget\" data-widget_type=\"text-editor.default\">\n\t\t\t\t<div class=\"elementor-widget-container\">\n\t\t\t\t\t\t\t\t\t<p><\/p>\n<h6 class=\"wp-block-heading\"><span style=\"font-size: 16px; font-weight: 400;\">Nous nous engageons \u00e0 prot\u00e9ger votre vie priv\u00e9e.<\/span><\/h6><h6><span style=\"font-size: 16px;\">Dons<br><\/span><span style=\"font-weight: 400;\">Nous gardons vos renseignements personnels confidentiels et s\u00e9curis\u00e9s. Lorsque vous faites un don sur notre site web (propuls\u00e9 par Donor Perfect), vous fournissez votre nom, vos coordonn\u00e9es, vos informations de paiement ainsi que d\u2019autres renseignements li\u00e9s \u00e0 votre transaction. Ces informations sont utilis\u00e9es pour traiter votre don, pour nous assurer que votre contribution est d\u00e9bit\u00e9e correctement et en toute s\u00e9curit\u00e9 de votre compte, et pour vous remettre les accus\u00e9s de r\u00e9ception et re\u00e7us fiscaux appropri\u00e9s. Pour consulter la politique compl\u00e8te de confidentialit\u00e9 de Donor Perfect, veuillez <\/span><a href=\"https:\/\/www.donorperfect.com\/company\/privacy-policy\/\" style=\"font-weight: 400;\">cliquer ici<\/a><span style=\"font-weight: 400;\">.<\/span><\/h6>\n<div><b>Infolettre<\/b><br>Nos infolettres et communications sont propuls\u00e9es par Constant Contact. Pour consulter la politique compl\u00e8te de confidentialit\u00e9 de Constant Contact, veuillez <a href=\"https:\/\/www.constantcontact.com\/legal\/privacy-notice?_ga=2.188042093.476015366.1759264089-5cffd326-b498-4ba7-8592-7a59ea353740\">cliquer ici<\/a>.<\/div>\n<div><br><\/div>\n<p><b>Nous joindre<br><\/b>Pour toute question, veuillez communiquer avec nous :<br>Fondation Grace Dart | 1310, avenue Greene, bureau 200, Westmount (Qu\u00e9bec) H3Z 2B2 | 514-742-9853 | info@fondationgracedart.org | 118922103 RR 0001<\/p>\n<p><\/p>\n<p><\/p>\n<h3 class=\"wp-block-heading\">&nbsp;<\/h3>\n<p><\/p>\t\t\t\t\t\t\t\t<\/div>\n\t\t\t\t<\/div>\n\t\t\t\t\t<\/div>\n\t\t<\/div>\n\t\t\t\t\t<\/div>\n\t\t<\/section>\n\t\t\t\t<\/div>","protected":false},"excerpt":{"rendered":"<p>We are committed to protecting your privacy. DonationsWe keep your personal information private and secure. When you make a donation through our website (supported by Donor Perfect), you provide your name, contact information, payment information, and additional information related to your transaction. This information is used to process your donation, to ensure your donation is&hellip;&nbsp;<a href=\"https:\/\/fondationgracedart.com\/fr\/privacy-policy\/\" rel=\"bookmark\">Lire la suite &raquo;<span class=\"screen-reader-text\">Politique de confidentialit\u00e9<\/span><\/a><\/p>","protected":false},"author":1,"featured_media":0,"parent":0,"menu_order":0,"comment_status":"closed","ping_status":"closed","template":"","meta":{"neve_meta_sidebar":"","neve_meta_container":"","neve_meta_enable_content_width":"","neve_meta_content_width":0,"neve_meta_title_alignment":"","neve_meta_author_avatar":"","neve_post_elements_order":"","neve_meta_disable_header":"","neve_meta_disable_footer":"","neve_meta_disable_title":"","footnotes":""},"class_list":["post-3","page","type-page","status-publish","hentry"],"jetpack_sharing_enabled":true,"_links":{"self":[{"href":"https:\/\/fondationgracedart.com\/fr\/wp-json\/wp\/v2\/pages\/3","targetHints":{"allow":["GET"]}}],"collection":[{"href":"https:\/\/fondationgracedart.com\/fr\/wp-json\/wp\/v2\/pages"}],"about":[{"href":"https:\/\/fondationgracedart.com\/fr\/wp-json\/wp\/v2\/types\/page"}],"author":[{"embeddable":true,"href":"https:\/\/fondationgracedart.com\/fr\/wp-json\/wp\/v2\/users\/1"}],"replies":[{"embeddable":true,"href":"https:\/\/fondationgracedart.com\/fr\/wp-json\/wp\/v2\/comments?post=3"}],"version-history":[{"count":5,"href":"https:\/\/fondationgracedart.com\/fr\/wp-json\/wp\/v2\/pages\/3\/revisions"}],"predecessor-version":[{"id":1463,"href":"https:\/\/fondationgracedart.com\/fr\/wp-json\/wp\/v2\/pages\/3\/revisions\/1463"}],"wp:attachment":[{"href":"https:\/\/fondationgracedart.com\/fr\/wp-json\/wp\/v2\/media?parent=3"}],"curies":[{"name":"wp","href":"https:\/\/api.w.org\/{rel}","templated":true}]}}