{"id":7,"date":"2020-10-06T20:24:13","date_gmt":"2020-10-07T00:24:13","guid":{"rendered":"https:\/\/fondationgracedart.com\/\/?page_id=7"},"modified":"2023-11-02T14:47:03","modified_gmt":"2023-11-02T18:47:03","slug":"about-us","status":"publish","type":"page","link":"https:\/\/fondationgracedart.com\/fr\/about-us\/","title":{"rendered":"Aper\u00e7u"},"content":{"rendered":"<div data-elementor-type=\"wp-page\" data-elementor-id=\"7\" class=\"elementor elementor-7\" data-elementor-post-type=\"page\">\n\t\t\t\t\t\t<section class=\"elementor-section elementor-top-section elementor-element elementor-element-8215912 elementor-section-boxed elementor-section-height-default elementor-section-height-default\" data-id=\"8215912\" data-element_type=\"section\" data-e-type=\"section\">\n\t\t\t\t\t\t<div class=\"elementor-container elementor-column-gap-default\">\n\t\t\t\t\t<div class=\"elementor-column elementor-col-100 elementor-top-column elementor-element elementor-element-ea78ae3\" data-id=\"ea78ae3\" data-element_type=\"column\" data-e-type=\"column\">\n\t\t\t<div class=\"elementor-widget-wrap elementor-element-populated\">\n\t\t\t\t\t\t<div class=\"elementor-element elementor-element-fe3968c elementor-widget elementor-widget-image\" data-id=\"fe3968c\" data-element_type=\"widget\" data-e-type=\"widget\" data-widget_type=\"image.default\">\n\t\t\t\t<div class=\"elementor-widget-container\">\n\t\t\t\t\t\t\t\t\t\t\t\t\t\t\t<img fetchpriority=\"high\" decoding=\"async\" width=\"1024\" height=\"487\" src=\"https:\/\/fondationgracedart.com\/wp-content\/uploads\/2020\/10\/AboutUsPagePhoto-1024x487.jpg\" class=\"attachment-large size-large wp-image-191\" alt=\"\" srcset=\"https:\/\/fondationgracedart.com\/wp-content\/uploads\/2020\/10\/AboutUsPagePhoto-1024x487.jpg 1024w, https:\/\/fondationgracedart.com\/wp-content\/uploads\/2020\/10\/AboutUsPagePhoto-300x143.jpg 300w, https:\/\/fondationgracedart.com\/wp-content\/uploads\/2020\/10\/AboutUsPagePhoto-768x366.jpg 768w, https:\/\/fondationgracedart.com\/wp-content\/uploads\/2020\/10\/AboutUsPagePhoto-1536x731.jpg 1536w, https:\/\/fondationgracedart.com\/wp-content\/uploads\/2020\/10\/AboutUsPagePhoto-2048x975.jpg 2048w, https:\/\/fondationgracedart.com\/wp-content\/uploads\/2020\/10\/AboutUsPagePhoto-24x11.jpg 24w, https:\/\/fondationgracedart.com\/wp-content\/uploads\/2020\/10\/AboutUsPagePhoto-36x17.jpg 36w, https:\/\/fondationgracedart.com\/wp-content\/uploads\/2020\/10\/AboutUsPagePhoto-48x23.jpg 48w\" sizes=\"(max-width: 1024px) 100vw, 1024px\" \/>\t\t\t\t\t\t\t\t\t\t\t\t\t\t\t<\/div>\n\t\t\t\t<\/div>\n\t\t\t\t\t<\/div>\n\t\t<\/div>\n\t\t\t\t\t<\/div>\n\t\t<\/section>\n\t\t\t\t<section class=\"elementor-section elementor-top-section elementor-element elementor-element-f3c4d59 elementor-section-boxed elementor-section-height-default elementor-section-height-default\" data-id=\"f3c4d59\" data-element_type=\"section\" data-e-type=\"section\">\n\t\t\t\t\t\t<div class=\"elementor-container elementor-column-gap-default\">\n\t\t\t\t\t<div class=\"elementor-column elementor-col-100 elementor-top-column elementor-element elementor-element-9b09128\" data-id=\"9b09128\" data-element_type=\"column\" data-e-type=\"column\">\n\t\t\t<div class=\"elementor-widget-wrap elementor-element-populated\">\n\t\t\t\t\t\t<div class=\"elementor-element elementor-element-55a7eac elementor-widget elementor-widget-heading\" data-id=\"55a7eac\" data-element_type=\"widget\" data-e-type=\"widget\" data-widget_type=\"heading.default\">\n\t\t\t\t<div class=\"elementor-widget-container\">\n\t\t\t\t\t<h2 class=\"elementor-heading-title elementor-size-default\">La Fondation en un coup d\u2019oeil<\/h2>\t\t\t\t<\/div>\n\t\t\t\t<\/div>\n\t\t\t\t<div class=\"elementor-element elementor-element-b80a1d2 elementor-widget elementor-widget-text-editor\" data-id=\"b80a1d2\" data-element_type=\"widget\" data-e-type=\"widget\" data-widget_type=\"text-editor.default\">\n\t\t\t\t<div class=\"elementor-widget-container\">\n\t\t\t\t\t\t\t\t\t<p>En 2022-2023, plus de 2,21 millions de dollars ont \u00e9t\u00e9 vers\u00e9s \u00e0 44 organismes de la grande r\u00e9gion de Montr\u00e9al. On estime que 26 720 personnes ont b\u00e9n\u00e9fici\u00e9 du soutien de la Fondation.&nbsp;<\/p>\t\t\t\t\t\t\t\t<\/div>\n\t\t\t\t<\/div>\n\t\t\t\t\t<\/div>\n\t\t<\/div>\n\t\t\t\t\t<\/div>\n\t\t<\/section>\n\t\t\t\t<section class=\"elementor-section elementor-top-section elementor-element elementor-element-f378693 elementor-section-boxed elementor-section-height-default elementor-section-height-default\" data-id=\"f378693\" data-element_type=\"section\" data-e-type=\"section\">\n\t\t\t\t\t\t<div class=\"elementor-container elementor-column-gap-default\">\n\t\t\t\t\t<div class=\"elementor-column elementor-col-100 elementor-top-column elementor-element elementor-element-8950f12\" data-id=\"8950f12\" data-element_type=\"column\" data-e-type=\"column\">\n\t\t\t<div class=\"elementor-widget-wrap elementor-element-populated\">\n\t\t\t\t\t\t<section class=\"elementor-section elementor-inner-section elementor-element elementor-element-2ec38b1 elementor-section-boxed elementor-section-height-default elementor-section-height-default\" data-id=\"2ec38b1\" data-element_type=\"section\" data-e-type=\"section\">\n\t\t\t\t\t\t<div class=\"elementor-container elementor-column-gap-default\">\n\t\t\t\t\t<div class=\"elementor-column elementor-col-50 elementor-inner-column elementor-element elementor-element-d78c351\" data-id=\"d78c351\" data-element_type=\"column\" data-e-type=\"column\">\n\t\t\t<div class=\"elementor-widget-wrap elementor-element-populated\">\n\t\t\t\t\t\t<div class=\"elementor-element elementor-element-30e24a6 elementor-widget elementor-widget-text-editor\" data-id=\"30e24a6\" data-element_type=\"widget\" data-e-type=\"widget\" data-widget_type=\"text-editor.default\">\n\t\t\t\t<div class=\"elementor-widget-container\">\n\t\t\t\t\t\t\t\t\t<h4>28,659<\/h4>\t\t\t\t\t\t\t\t<\/div>\n\t\t\t\t<\/div>\n\t\t\t\t\t<\/div>\n\t\t<\/div>\n\t\t\t\t<div class=\"elementor-column elementor-col-50 elementor-inner-column elementor-element elementor-element-d020464\" data-id=\"d020464\" data-element_type=\"column\" data-e-type=\"column\">\n\t\t\t<div class=\"elementor-widget-wrap elementor-element-populated\">\n\t\t\t\t\t\t<div class=\"elementor-element elementor-element-0ce35e7 elementor-widget elementor-widget-text-editor\" data-id=\"0ce35e7\" data-element_type=\"widget\" data-e-type=\"widget\" data-widget_type=\"text-editor.default\">\n\t\t\t\t<div class=\"elementor-widget-container\">\n\t\t\t\t\t\t\t\t\t<p>personnes ont obtenu de l\u2019aide gra\u0302ce a\u0300 la Fondation.*<\/p>\t\t\t\t\t\t\t\t<\/div>\n\t\t\t\t<\/div>\n\t\t\t\t\t<\/div>\n\t\t<\/div>\n\t\t\t\t\t<\/div>\n\t\t<\/section>\n\t\t\t\t<section class=\"elementor-section elementor-inner-section elementor-element elementor-element-dc31f31 elementor-section-boxed elementor-section-height-default elementor-section-height-default\" data-id=\"dc31f31\" data-element_type=\"section\" data-e-type=\"section\">\n\t\t\t\t\t\t<div class=\"elementor-container elementor-column-gap-default\">\n\t\t\t\t\t<div class=\"elementor-column elementor-col-50 elementor-inner-column elementor-element elementor-element-f15bfbc\" data-id=\"f15bfbc\" data-element_type=\"column\" data-e-type=\"column\">\n\t\t\t<div class=\"elementor-widget-wrap elementor-element-populated\">\n\t\t\t\t\t\t<div class=\"elementor-element elementor-element-a5b40e6 elementor-widget elementor-widget-text-editor\" data-id=\"a5b40e6\" data-element_type=\"widget\" data-e-type=\"widget\" data-widget_type=\"text-editor.default\">\n\t\t\t\t<div class=\"elementor-widget-container\">\n\t\t\t\t\t\t\t\t\t<h4>$238,900<\/h4>\t\t\t\t\t\t\t\t<\/div>\n\t\t\t\t<\/div>\n\t\t\t\t\t<\/div>\n\t\t<\/div>\n\t\t\t\t<div class=\"elementor-column elementor-col-50 elementor-inner-column elementor-element elementor-element-189ade7\" data-id=\"189ade7\" data-element_type=\"column\" data-e-type=\"column\">\n\t\t\t<div class=\"elementor-widget-wrap elementor-element-populated\">\n\t\t\t\t\t\t<div class=\"elementor-element elementor-element-a1ec9a0 elementor-widget elementor-widget-text-editor\" data-id=\"a1ec9a0\" data-element_type=\"widget\" data-e-type=\"widget\" data-widget_type=\"text-editor.default\">\n\t\t\t\t<div class=\"elementor-widget-container\">\n\t\t\t\t\t\t\t\t\t<p class=\"translation-block\">don verse\u0301 a\u0300 des centres d\u2019he\u0301bergement de soins de longue dure\u0301e (CHSLD) du Centre inte\u0301gre\u0301 universitaire de sante\u0301 et de services sociaux (CIUSSS) de l\u2019Ouest-de-l\u2019I\u0302le-de-Montre\u0301al.<\/p>\t\t\t\t\t\t\t\t<\/div>\n\t\t\t\t<\/div>\n\t\t\t\t\t<\/div>\n\t\t<\/div>\n\t\t\t\t\t<\/div>\n\t\t<\/section>\n\t\t\t\t<section class=\"elementor-section elementor-inner-section elementor-element elementor-element-bfccc55 elementor-section-boxed elementor-section-height-default elementor-section-height-default\" data-id=\"bfccc55\" data-element_type=\"section\" data-e-type=\"section\">\n\t\t\t\t\t\t<div class=\"elementor-container elementor-column-gap-default\">\n\t\t\t\t\t<div class=\"elementor-column elementor-col-50 elementor-inner-column elementor-element elementor-element-9d86e29\" data-id=\"9d86e29\" data-element_type=\"column\" data-e-type=\"column\">\n\t\t\t<div class=\"elementor-widget-wrap elementor-element-populated\">\n\t\t\t\t\t\t<div class=\"elementor-element elementor-element-8c90bf0 elementor-widget elementor-widget-text-editor\" data-id=\"8c90bf0\" data-element_type=\"widget\" data-e-type=\"widget\" data-widget_type=\"text-editor.default\">\n\t\t\t\t<div class=\"elementor-widget-container\">\n\t\t\t\t\t\t\t\t\t<h4>4,258.31<\/h4>\t\t\t\t\t\t\t\t<\/div>\n\t\t\t\t<\/div>\n\t\t\t\t\t<\/div>\n\t\t<\/div>\n\t\t\t\t<div class=\"elementor-column elementor-col-50 elementor-inner-column elementor-element elementor-element-bb950bd\" data-id=\"bb950bd\" data-element_type=\"column\" data-e-type=\"column\">\n\t\t\t<div class=\"elementor-widget-wrap elementor-element-populated\">\n\t\t\t\t\t\t<div class=\"elementor-element elementor-element-b613c27 elementor-widget elementor-widget-text-editor\" data-id=\"b613c27\" data-element_type=\"widget\" data-e-type=\"widget\" data-widget_type=\"text-editor.default\">\n\t\t\t\t<div class=\"elementor-widget-container\">\n\t\t\t\t\t\t\t\t\t<p class=\"translation-block\">Montre\u0301alais a\u0302ge\u0301s de 65 ans ou plus.\nD\u2019ici 2036, ce chiffre augmentera d\u2019environ 45 % et touchera principalement les extre\u0301mite\u0301s est et ouest de l\u2019i\u0302le.2<\/p>\t\t\t\t\t\t\t\t<\/div>\n\t\t\t\t<\/div>\n\t\t\t\t\t<\/div>\n\t\t<\/div>\n\t\t\t\t\t<\/div>\n\t\t<\/section>\n\t\t\t\t<section class=\"elementor-section elementor-inner-section elementor-element elementor-element-035dbd2 elementor-section-boxed elementor-section-height-default elementor-section-height-default\" data-id=\"035dbd2\" data-element_type=\"section\" data-e-type=\"section\">\n\t\t\t\t\t\t<div class=\"elementor-container elementor-column-gap-default\">\n\t\t\t\t\t<div class=\"elementor-column elementor-col-50 elementor-inner-column elementor-element elementor-element-9b88be3\" data-id=\"9b88be3\" data-element_type=\"column\" data-e-type=\"column\">\n\t\t\t<div class=\"elementor-widget-wrap elementor-element-populated\">\n\t\t\t\t\t\t<div class=\"elementor-element elementor-element-2924c16 elementor-widget elementor-widget-text-editor\" data-id=\"2924c16\" data-element_type=\"widget\" data-e-type=\"widget\" data-widget_type=\"text-editor.default\">\n\t\t\t\t<div class=\"elementor-widget-container\">\n\t\t\t\t\t\t\t\t\t<h4>323 660<\/h4>\t\t\t\t\t\t\t\t<\/div>\n\t\t\t\t<\/div>\n\t\t\t\t\t<\/div>\n\t\t<\/div>\n\t\t\t\t<div class=\"elementor-column elementor-col-50 elementor-inner-column elementor-element elementor-element-8a30386\" data-id=\"8a30386\" data-element_type=\"column\" data-e-type=\"column\">\n\t\t\t<div class=\"elementor-widget-wrap elementor-element-populated\">\n\t\t\t\t\t\t<div class=\"elementor-element elementor-element-b38f1d0 elementor-widget elementor-widget-text-editor\" data-id=\"b38f1d0\" data-element_type=\"widget\" data-e-type=\"widget\" data-widget_type=\"text-editor.default\">\n\t\t\t\t<div class=\"elementor-widget-container\">\n\t\t\t\t\t\t\t\t\t<p>Montre\u0301alais a\u0302ge\u0301s de 65 ans ou plus.\nD\u2019ici 2036, ce chiffre augmentera d\u2019environ 45 % et touchera principalement les extre\u0301mite\u0301s est et ouest de l\u2019i\u0302le.<\/p>\t\t\t\t\t\t\t\t<\/div>\n\t\t\t\t<\/div>\n\t\t\t\t\t<\/div>\n\t\t<\/div>\n\t\t\t\t\t<\/div>\n\t\t<\/section>\n\t\t\t\t\t<\/div>\n\t\t<\/div>\n\t\t\t\t\t<\/div>\n\t\t<\/section>\n\t\t\t\t<section class=\"elementor-section elementor-top-section elementor-element elementor-element-bc39a3c elementor-section-boxed elementor-section-height-default elementor-section-height-default\" data-id=\"bc39a3c\" data-element_type=\"section\" data-e-type=\"section\">\n\t\t\t\t\t\t<div class=\"elementor-container elementor-column-gap-default\">\n\t\t\t\t\t<div class=\"elementor-column elementor-col-100 elementor-top-column elementor-element elementor-element-1e3bd32\" data-id=\"1e3bd32\" data-element_type=\"column\" data-e-type=\"column\">\n\t\t\t<div class=\"elementor-widget-wrap elementor-element-populated\">\n\t\t\t\t\t\t<div class=\"elementor-element elementor-element-4254598 elementor-widget elementor-widget-heading\" data-id=\"4254598\" data-element_type=\"widget\" data-e-type=\"widget\" data-widget_type=\"heading.default\">\n\t\t\t\t<div class=\"elementor-widget-container\">\n\t\t\t\t\t<h2 class=\"elementor-heading-title elementor-size-default\">250 000 $ Don pour aider la lutte contre la COVID-19<\/h2>\t\t\t\t<\/div>\n\t\t\t\t<\/div>\n\t\t\t\t<div class=\"elementor-element elementor-element-074331a elementor-widget elementor-widget-text-editor\" data-id=\"074331a\" data-element_type=\"widget\" data-e-type=\"widget\" data-widget_type=\"text-editor.default\">\n\t\t\t\t<div class=\"elementor-widget-container\">\n\t\t\t\t\t\t\t\t\t<p class=\"translation-block\">Don pour aider la lutte contre la COVID-19\nDe plus, la Fondation est venue en aide aux ai\u0302ne\u0301s en assurant la livraison de 25 000 masques en tissu (d\u2019une valeur de 100 000 $) et 150 000 $ pour les besoins les plus criants de la COVID-19 remis au Centre inte\u0301gre\u0301 universitaire de sante\u0301 et de services sociaux de l\u2019Ouest-de- l\u2019I\u0302le-de-Montre\u0301al.<\/p>\t\t\t\t\t\t\t\t<\/div>\n\t\t\t\t<\/div>\n\t\t\t\t\t<\/div>\n\t\t<\/div>\n\t\t\t\t\t<\/div>\n\t\t<\/section>\n\t\t\t\t<section class=\"elementor-section elementor-top-section elementor-element elementor-element-ec156ab elementor-section-boxed elementor-section-height-default elementor-section-height-default\" data-id=\"ec156ab\" data-element_type=\"section\" data-e-type=\"section\">\n\t\t\t\t\t\t<div class=\"elementor-container elementor-column-gap-default\">\n\t\t\t\t\t<div class=\"elementor-column elementor-col-100 elementor-top-column elementor-element elementor-element-b93c757\" data-id=\"b93c757\" data-element_type=\"column\" data-e-type=\"column\">\n\t\t\t<div class=\"elementor-widget-wrap elementor-element-populated\">\n\t\t\t\t\t\t<div class=\"elementor-element elementor-element-8272aac elementor-widget elementor-widget-text-editor\" data-id=\"8272aac\" data-element_type=\"widget\" data-e-type=\"widget\" data-widget_type=\"text-editor.default\">\n\t\t\t\t<div class=\"elementor-widget-container\">\n\t\t\t\t\t\t\t\t\t<p>*Cette estimation est fonde\u0301e sur le taux d\u2019occupation d\u2019e\u0301tablissements de soins de longue dure\u0301e et le nombre de clients d\u2019organismes sans but lucratif et de fondations.<br \/>1. Source: Statistics Canada 2015 2. Source: Sant\u00e9 Montr\u00e9al 2016<\/p>\t\t\t\t\t\t\t\t<\/div>\n\t\t\t\t<\/div>\n\t\t\t\t\t<\/div>\n\t\t<\/div>\n\t\t\t\t\t<\/div>\n\t\t<\/section>\n\t\t\t\t<\/div>","protected":false},"excerpt":{"rendered":"<p>The Foundation at a Glance In 2022-2023, more than $2.21 Million was donated to 44 organizations in the Greater Montreal Area. An estimated 26,720 people were helped through the Foundation&#8217;s support.&nbsp; 28,659 People were helped through the Foundation\u2019s support.* $238,900 Donated to long-term care centres (CHSLD) of the Montr\u00e9al West Island Integrated UniversityHealth and Social&hellip;&nbsp;<a href=\"https:\/\/fondationgracedart.com\/fr\/about-us\/\" rel=\"bookmark\">Lire la suite &raquo;<span class=\"screen-reader-text\">Aper\u00e7u<\/span><\/a><\/p>","protected":false},"author":1,"featured_media":0,"parent":0,"menu_order":0,"comment_status":"closed","ping_status":"closed","template":"page-templates\/template-pagebuilder-full-width.php","meta":{"neve_meta_sidebar":"full-width","neve_meta_container":"","neve_meta_enable_content_width":"on","neve_meta_content_width":100,"neve_meta_title_alignment":"","neve_meta_author_avatar":"","neve_post_elements_order":"","neve_meta_disable_header":"","neve_meta_disable_footer":"","neve_meta_disable_title":"","footnotes":""},"class_list":["post-7","page","type-page","status-publish","hentry"],"jetpack_sharing_enabled":true,"_links":{"self":[{"href":"https:\/\/fondationgracedart.com\/fr\/wp-json\/wp\/v2\/pages\/7","targetHints":{"allow":["GET"]}}],"collection":[{"href":"https:\/\/fondationgracedart.com\/fr\/wp-json\/wp\/v2\/pages"}],"about":[{"href":"https:\/\/fondationgracedart.com\/fr\/wp-json\/wp\/v2\/types\/page"}],"author":[{"embeddable":true,"href":"https:\/\/fondationgracedart.com\/fr\/wp-json\/wp\/v2\/users\/1"}],"replies":[{"embeddable":true,"href":"https:\/\/fondationgracedart.com\/fr\/wp-json\/wp\/v2\/comments?post=7"}],"version-history":[{"count":5,"href":"https:\/\/fondationgracedart.com\/fr\/wp-json\/wp\/v2\/pages\/7\/revisions"}],"predecessor-version":[{"id":1047,"href":"https:\/\/fondationgracedart.com\/fr\/wp-json\/wp\/v2\/pages\/7\/revisions\/1047"}],"wp:attachment":[{"href":"https:\/\/fondationgracedart.com\/fr\/wp-json\/wp\/v2\/media?parent=7"}],"curies":[{"name":"wp","href":"https:\/\/api.w.org\/{rel}","templated":true}]}}