{"id":9,"date":"2020-10-06T20:24:37","date_gmt":"2020-10-07T00:24:37","guid":{"rendered":"https:\/\/fondationgracedart.com\/\/?page_id=9"},"modified":"2025-11-03T13:46:29","modified_gmt":"2025-11-03T18:46:29","slug":"funding-request","status":"publish","type":"page","link":"https:\/\/fondationgracedart.com\/fr\/funding-request\/","title":{"rendered":"Financement"},"content":{"rendered":"<div data-elementor-type=\"wp-page\" data-elementor-id=\"9\" class=\"elementor elementor-9\" data-elementor-post-type=\"page\">\n\t\t\t\t\t\t<section class=\"elementor-section elementor-top-section elementor-element elementor-element-22a98dc elementor-section-boxed elementor-section-height-default elementor-section-height-default\" data-id=\"22a98dc\" data-element_type=\"section\" data-e-type=\"section\">\n\t\t\t\t\t\t<div class=\"elementor-container elementor-column-gap-default\">\n\t\t\t\t\t<div class=\"elementor-column elementor-col-100 elementor-top-column elementor-element elementor-element-0deb5c2\" data-id=\"0deb5c2\" data-element_type=\"column\" data-e-type=\"column\">\n\t\t\t<div class=\"elementor-widget-wrap elementor-element-populated\">\n\t\t\t\t\t\t<div class=\"elementor-element elementor-element-4131a94 elementor-widget elementor-widget-image\" data-id=\"4131a94\" data-element_type=\"widget\" data-e-type=\"widget\" data-widget_type=\"image.default\">\n\t\t\t\t<div class=\"elementor-widget-container\">\n\t\t\t\t\t\t\t\t\t\t\t\t\t\t\t<img fetchpriority=\"high\" decoding=\"async\" width=\"2560\" height=\"1061\" src=\"https:\/\/fondationgracedart.com\/wp-content\/uploads\/2024\/03\/Enhanced-Banner-Image-scaled.jpg\" class=\"attachment-full size-full wp-image-1128\" alt=\"\" srcset=\"https:\/\/fondationgracedart.com\/wp-content\/uploads\/2024\/03\/Enhanced-Banner-Image-scaled.jpg 2560w, https:\/\/fondationgracedart.com\/wp-content\/uploads\/2024\/03\/Enhanced-Banner-Image-300x124.jpg 300w, https:\/\/fondationgracedart.com\/wp-content\/uploads\/2024\/03\/Enhanced-Banner-Image-1024x424.jpg 1024w, https:\/\/fondationgracedart.com\/wp-content\/uploads\/2024\/03\/Enhanced-Banner-Image-768x318.jpg 768w, https:\/\/fondationgracedart.com\/wp-content\/uploads\/2024\/03\/Enhanced-Banner-Image-1536x636.jpg 1536w, https:\/\/fondationgracedart.com\/wp-content\/uploads\/2024\/03\/Enhanced-Banner-Image-2048x848.jpg 2048w, https:\/\/fondationgracedart.com\/wp-content\/uploads\/2024\/03\/Enhanced-Banner-Image-16x7.jpg 16w, https:\/\/fondationgracedart.com\/wp-content\/uploads\/2024\/03\/Enhanced-Banner-Image-24x10.jpg 24w, https:\/\/fondationgracedart.com\/wp-content\/uploads\/2024\/03\/Enhanced-Banner-Image-36x15.jpg 36w, https:\/\/fondationgracedart.com\/wp-content\/uploads\/2024\/03\/Enhanced-Banner-Image-48x20.jpg 48w\" sizes=\"(max-width: 2560px) 100vw, 2560px\" \/>\t\t\t\t\t\t\t\t\t\t\t\t\t\t\t<\/div>\n\t\t\t\t<\/div>\n\t\t\t\t\t<\/div>\n\t\t<\/div>\n\t\t\t\t\t<\/div>\n\t\t<\/section>\n\t\t\t\t<section class=\"elementor-section elementor-top-section elementor-element elementor-element-e43ecd4 elementor-section-boxed elementor-section-height-default elementor-section-height-default\" data-id=\"e43ecd4\" data-element_type=\"section\" data-e-type=\"section\">\n\t\t\t\t\t\t<div class=\"elementor-container elementor-column-gap-default\">\n\t\t\t\t\t<div class=\"elementor-column elementor-col-100 elementor-top-column elementor-element elementor-element-536a5c8\" data-id=\"536a5c8\" data-element_type=\"column\" data-e-type=\"column\">\n\t\t\t<div class=\"elementor-widget-wrap elementor-element-populated\">\n\t\t\t\t\t\t<div class=\"elementor-element elementor-element-4a8d5fc elementor-widget-divider--view-line elementor-widget elementor-widget-divider\" data-id=\"4a8d5fc\" data-element_type=\"widget\" data-e-type=\"widget\" data-widget_type=\"divider.default\">\n\t\t\t\t<div class=\"elementor-widget-container\">\n\t\t\t\t\t\t\t<div class=\"elementor-divider\">\n\t\t\t<span class=\"elementor-divider-separator\">\n\t\t\t\t\t\t<\/span>\n\t\t<\/div>\n\t\t\t\t\t\t<\/div>\n\t\t\t\t<\/div>\n\t\t\t\t<div class=\"elementor-element elementor-element-14804f8 elementor-widget elementor-widget-heading\" data-id=\"14804f8\" data-element_type=\"widget\" data-e-type=\"widget\" data-widget_type=\"heading.default\">\n\t\t\t\t<div class=\"elementor-widget-container\">\n\t\t\t\t\t<h2 class=\"elementor-heading-title elementor-size-default\">Financement<\/h2>\t\t\t\t<\/div>\n\t\t\t\t<\/div>\n\t\t\t\t<div class=\"elementor-element elementor-element-829d336 elementor-widget elementor-widget-text-editor\" data-id=\"829d336\" data-element_type=\"widget\" data-e-type=\"widget\" data-widget_type=\"text-editor.default\">\n\t\t\t\t<div class=\"elementor-widget-container\">\n\t\t\t\t\t\t\t\t\t<p class=\"translation-block\">La Fondation Grace Dart s'engage \u00e0 aider et \u00e0 soutenir les personnes a\u00een\u00e9es du Grand Montr\u00e9al. Nous sommes guid\u00e9s par notre strat\u00e9gie de dons qui englobe les cinq domaines de don suivants : besoins essentiels, solitude et isolement, socialisation et d\u00e9veloppement personnel, troubles cognitifs et milieu de vie ; toutefois, nous ne soutenons pas les soins palliatifs. Ces domaines guident nos dons et le choix des b\u00e9n\u00e9ficiaires. Si vous souhaitez demander un financement pour votre organisation ou votre organisme sans but lucratif, veuillez remplir le formulaire ci-dessous et le soumettre avant 21 octobre 2026, 17 h 00.<\/p><p>Pour compl\u00e9ter votre demande : Cliquez simplement sur le bouton Demande de financement ci-dessous pour utiliser le formulaire en ligne. Vous pouvez inclure des documents justificatifs, si n\u00e9cessaire.<\/p><p>Si vous avez des questions, veuillez vous r\u00e9f\u00e9rer au document \"Questions &amp; R\u00e9ponses\" ci-dessous.<\/p>\t\t\t\t\t\t\t\t<\/div>\n\t\t\t\t<\/div>\n\t\t\t\t\t<\/div>\n\t\t<\/div>\n\t\t\t\t\t<\/div>\n\t\t<\/section>\n\t\t\t\t<section class=\"elementor-section elementor-top-section elementor-element elementor-element-9b03c82 elementor-section-boxed elementor-section-height-default elementor-section-height-default\" data-id=\"9b03c82\" data-element_type=\"section\" data-e-type=\"section\">\n\t\t\t\t\t\t<div class=\"elementor-container elementor-column-gap-default\">\n\t\t\t\t\t<div class=\"elementor-column elementor-col-100 elementor-top-column elementor-element elementor-element-1d1013d\" data-id=\"1d1013d\" data-element_type=\"column\" data-e-type=\"column\">\n\t\t\t<div class=\"elementor-widget-wrap elementor-element-populated\">\n\t\t\t\t\t\t<section class=\"elementor-section elementor-inner-section elementor-element elementor-element-b4edf35 elementor-section-boxed elementor-section-height-default elementor-section-height-default\" data-id=\"b4edf35\" data-element_type=\"section\" data-e-type=\"section\">\n\t\t\t\t\t\t<div class=\"elementor-container elementor-column-gap-default\">\n\t\t\t\t\t<div class=\"elementor-column elementor-col-50 elementor-inner-column elementor-element elementor-element-f553008\" data-id=\"f553008\" data-element_type=\"column\" data-e-type=\"column\">\n\t\t\t<div class=\"elementor-widget-wrap elementor-element-populated\">\n\t\t\t\t\t\t<div class=\"elementor-element elementor-element-2a06be5 elementor-align-justify elementor-widget__width-initial animated-fast elementor-invisible elementor-widget elementor-widget-button\" data-id=\"2a06be5\" data-element_type=\"widget\" data-e-type=\"widget\" data-settings=\"{&quot;_animation&quot;:&quot;pulse&quot;}\" data-widget_type=\"button.default\">\n\t\t\t\t<div class=\"elementor-widget-container\">\n\t\t\t\t\t\t\t\t\t<div class=\"elementor-button-wrapper\">\n\t\t\t\t\t<a class=\"elementor-button elementor-button-link elementor-size-sm\" href=\"https:\/\/fondationgracedart.com\/fr\/funding-request-form\/\">\n\t\t\t\t\t\t<span class=\"elementor-button-content-wrapper\">\n\t\t\t\t\t\t\t\t\t<span class=\"elementor-button-text\">Demande de financement<\/span>\n\t\t\t\t\t<\/span>\n\t\t\t\t\t<\/a>\n\t\t\t\t<\/div>\n\t\t\t\t\t\t\t\t<\/div>\n\t\t\t\t<\/div>\n\t\t\t\t\t<\/div>\n\t\t<\/div>\n\t\t\t\t<div class=\"elementor-column elementor-col-50 elementor-inner-column elementor-element elementor-element-dc1fcc1\" data-id=\"dc1fcc1\" data-element_type=\"column\" data-e-type=\"column\">\n\t\t\t<div class=\"elementor-widget-wrap elementor-element-populated\">\n\t\t\t\t\t\t<div class=\"elementor-element elementor-element-5dcfea2 elementor-align-justify elementor-widget__width-initial animated-fast elementor-invisible elementor-widget elementor-widget-button\" data-id=\"5dcfea2\" data-element_type=\"widget\" data-e-type=\"widget\" data-settings=\"{&quot;_animation&quot;:&quot;pulse&quot;}\" data-widget_type=\"button.default\">\n\t\t\t\t<div class=\"elementor-widget-container\">\n\t\t\t\t\t\t\t\t\t<div class=\"elementor-button-wrapper\">\n\t\t\t\t\t<a class=\"elementor-button elementor-button-link elementor-size-sm\" href=\"https:\/\/fondationgracedart.com\/wp-content\/uploads\/2025\/03\/Foire-aux-questions_2024.10.pdf\" target=\"_blank\">\n\t\t\t\t\t\t<span class=\"elementor-button-content-wrapper\">\n\t\t\t\t\t\t\t\t\t<span class=\"elementor-button-text\">Questions et r\u00e9ponses<\/span>\n\t\t\t\t\t<\/span>\n\t\t\t\t\t<\/a>\n\t\t\t\t<\/div>\n\t\t\t\t\t\t\t\t<\/div>\n\t\t\t\t<\/div>\n\t\t\t\t\t<\/div>\n\t\t<\/div>\n\t\t\t\t\t<\/div>\n\t\t<\/section>\n\t\t\t\t\t<\/div>\n\t\t<\/div>\n\t\t\t\t\t<\/div>\n\t\t<\/section>\n\t\t\t\t<section class=\"elementor-section elementor-top-section elementor-element elementor-element-13cc972 elementor-section-boxed elementor-section-height-default elementor-section-height-default\" data-id=\"13cc972\" data-element_type=\"section\" data-e-type=\"section\">\n\t\t\t\t\t\t<div class=\"elementor-container elementor-column-gap-default\">\n\t\t\t\t\t<div class=\"elementor-column elementor-col-100 elementor-top-column elementor-element elementor-element-164ce0e\" data-id=\"164ce0e\" data-element_type=\"column\" data-e-type=\"column\">\n\t\t\t<div class=\"elementor-widget-wrap elementor-element-populated\">\n\t\t\t\t\t\t<div class=\"elementor-element elementor-element-9597ce1 elementor-widget elementor-widget-text-editor\" data-id=\"9597ce1\" data-element_type=\"widget\" data-e-type=\"widget\" data-widget_type=\"text-editor.default\">\n\t\t\t\t<div class=\"elementor-widget-container\">\n\t\t\t\t\t\t\t\t\t<h4 style=\"text-align: center;\"><b>Date limite : Les organisations doivent soumettre leur demande de don avant le 21 octobre 2026 - 17 h<\/b><\/h4>\t\t\t\t\t\t\t\t<\/div>\n\t\t\t\t<\/div>\n\t\t\t\t\t<\/div>\n\t\t<\/div>\n\t\t\t\t\t<\/div>\n\t\t<\/section>\n\t\t\t\t<\/div>","protected":false},"excerpt":{"rendered":"<p>Funding Request The Grace Dart Foundation is committed to helping and supporting the elderly of Greater Montreal. We are guided by our giving strategy which encompasses the following five areas of giving: basic needs, loneliness and isolation, socialization and personal development, cognitive disorders, and living environment; however, we do not support palliative care. These areas&hellip;&nbsp;<a href=\"https:\/\/fondationgracedart.com\/fr\/funding-request\/\" rel=\"bookmark\">Lire la suite &raquo;<span class=\"screen-reader-text\">Financement<\/span><\/a><\/p>","protected":false},"author":1,"featured_media":0,"parent":0,"menu_order":0,"comment_status":"closed","ping_status":"closed","template":"page-templates\/template-pagebuilder-full-width.php","meta":{"neve_meta_sidebar":"full-width","neve_meta_container":"","neve_meta_enable_content_width":"on","neve_meta_content_width":100,"neve_meta_title_alignment":"","neve_meta_author_avatar":"","neve_post_elements_order":"","neve_meta_disable_header":"","neve_meta_disable_footer":"","neve_meta_disable_title":"","footnotes":""},"class_list":["post-9","page","type-page","status-publish","hentry"],"jetpack_sharing_enabled":true,"_links":{"self":[{"href":"https:\/\/fondationgracedart.com\/fr\/wp-json\/wp\/v2\/pages\/9","targetHints":{"allow":["GET"]}}],"collection":[{"href":"https:\/\/fondationgracedart.com\/fr\/wp-json\/wp\/v2\/pages"}],"about":[{"href":"https:\/\/fondationgracedart.com\/fr\/wp-json\/wp\/v2\/types\/page"}],"author":[{"embeddable":true,"href":"https:\/\/fondationgracedart.com\/fr\/wp-json\/wp\/v2\/users\/1"}],"replies":[{"embeddable":true,"href":"https:\/\/fondationgracedart.com\/fr\/wp-json\/wp\/v2\/comments?post=9"}],"version-history":[{"count":5,"href":"https:\/\/fondationgracedart.com\/fr\/wp-json\/wp\/v2\/pages\/9\/revisions"}],"predecessor-version":[{"id":1486,"href":"https:\/\/fondationgracedart.com\/fr\/wp-json\/wp\/v2\/pages\/9\/revisions\/1486"}],"wp:attachment":[{"href":"https:\/\/fondationgracedart.com\/fr\/wp-json\/wp\/v2\/media?parent=9"}],"curies":[{"name":"wp","href":"https:\/\/api.w.org\/{rel}","templated":true}]}}